{"id":40,"date":"2021-02-24T13:44:29","date_gmt":"2021-02-24T12:44:29","guid":{"rendered":"https:\/\/palaciosantacecilia.com\/?page_id=40"},"modified":"2021-06-10T12:50:46","modified_gmt":"2021-06-10T11:50:46","slug":"el-proyecto","status":"publish","type":"page","link":"https:\/\/palaciosantacecilia.com\/en\/el-proyecto","title":{"rendered":"El Proyecto"},"content":{"rendered":"<div data-elementor-type=\"wp-page\" data-elementor-id=\"40\" class=\"elementor elementor-40\">\n\t\t\t\t\t\t\t\t\t<section class=\"elementor-section elementor-top-section elementor-element elementor-element-ba563ca elementor-section-boxed elementor-section-height-default elementor-section-height-default\" data-id=\"ba563ca\" data-element_type=\"section\">\n\t\t\t\t\t\t<div class=\"elementor-container elementor-column-gap-default\">\n\t\t\t\t\t<div class=\"elementor-column elementor-col-100 elementor-top-column elementor-element elementor-element-fda3cca\" data-id=\"fda3cca\" data-element_type=\"column\">\n\t\t\t<div class=\"elementor-widget-wrap elementor-element-populated\">\n\t\t\t\t\t\t\t\t<div class=\"elementor-element elementor-element-17ea7aa elementor-widget elementor-widget-spacer\" data-id=\"17ea7aa\" data-element_type=\"widget\" data-widget_type=\"spacer.default\">\n\t\t\t\t<div class=\"elementor-widget-container\">\n\t\t\t\t\t<div class=\"elementor-spacer\">\n\t\t\t<div class=\"elementor-spacer-inner\"><\/div>\n\t\t<\/div>\n\t\t\t\t<\/div>\n\t\t\t\t<\/div>\n\t\t\t\t\t<\/div>\n\t\t<\/div>\n\t\t\t\t\t\t\t<\/div>\n\t\t<\/section>\n\t\t\t\t<section class=\"elementor-section elementor-top-section elementor-element elementor-element-99b7db4 elementor-section-boxed elementor-section-height-default elementor-section-height-default\" data-id=\"99b7db4\" data-element_type=\"section\">\n\t\t\t\t\t\t<div class=\"elementor-container elementor-column-gap-default\">\n\t\t\t\t\t<div class=\"elementor-column elementor-col-100 elementor-top-column elementor-element elementor-element-bb67e51\" data-id=\"bb67e51\" data-element_type=\"column\">\n\t\t\t<div class=\"elementor-widget-wrap elementor-element-populated\">\n\t\t\t\t\t\t\t\t<div class=\"elementor-element elementor-element-4c70f8d elementor-widget elementor-widget-shortcode\" data-id=\"4c70f8d\" data-element_type=\"widget\" data-widget_type=\"shortcode.default\">\n\t\t\t\t<div class=\"elementor-widget-container\">\n\t\t\t\t\t<div class=\"elementor-shortcode\"><span><span><a href=\"https:\/\/palaciosantacecilia.com\/en\/\">Palacio<\/a><\/span><\/div>\n\t\t\t\t<\/div>\n\t\t\t\t<\/div>\n\t\t\t\t\t<\/div>\n\t\t<\/div>\n\t\t\t\t\t\t\t<\/div>\n\t\t<\/section>\n\t\t\t\t<section class=\"elementor-section elementor-top-section elementor-element elementor-element-a361df2 elementor-section-boxed elementor-section-height-default elementor-section-height-default\" data-id=\"a361df2\" data-element_type=\"section\">\n\t\t\t\t\t\t<div class=\"elementor-container elementor-column-gap-default\">\n\t\t\t\t\t<div class=\"elementor-column elementor-col-100 elementor-top-column elementor-element elementor-element-5e75178\" data-id=\"5e75178\" data-element_type=\"column\">\n\t\t\t<div class=\"elementor-widget-wrap elementor-element-populated\">\n\t\t\t\t\t\t\t\t<div class=\"elementor-element elementor-element-c0c61c7 elementor-widget elementor-widget-heading\" data-id=\"c0c61c7\" data-element_type=\"widget\" data-widget_type=\"heading.default\">\n\t\t\t\t<div class=\"elementor-widget-container\">\n\t\t\t<h2 class=\"elementor-heading-title elementor-size-default\">Un Proyecto de Vida para Revivir el Palacio de Santa Cecilia<\/h2>\t\t<\/div>\n\t\t\t\t<\/div>\n\t\t\t\t\t<\/div>\n\t\t<\/div>\n\t\t\t\t\t\t\t<\/div>\n\t\t<\/section>\n\t\t\t\t<section class=\"elementor-section elementor-top-section elementor-element elementor-element-047b7b7 elementor-section-boxed elementor-section-height-default elementor-section-height-default\" data-id=\"047b7b7\" data-element_type=\"section\">\n\t\t\t\t\t\t<div class=\"elementor-container elementor-column-gap-default\">\n\t\t\t\t\t<div class=\"elementor-column elementor-col-100 elementor-top-column elementor-element elementor-element-07aaac6\" data-id=\"07aaac6\" data-element_type=\"column\">\n\t\t\t<div class=\"elementor-widget-wrap elementor-element-populated\">\n\t\t\t\t\t\t\t\t<div class=\"elementor-element elementor-element-50b19ca elementor-widget elementor-widget-text-editor\" data-id=\"50b19ca\" data-element_type=\"widget\" data-widget_type=\"text-editor.default\">\n\t\t\t\t<div class=\"elementor-widget-container\">\n\t\t\t\t\t\t\t<p>El proyecto de rehabilitaci\u00f3n de la finca del Palacio de Santa Cecilia nace del fruto de la ilusi\u00f3n, las experiencias y de los momentos vividos en en \u00e9l por el impulsor de mismo, David Beltr\u00e1n, antiguo alumno del Colegio de los Sagrados Corazones, asentado hace a\u00f1os en el Palacio de Santa Cecilia.<\/p>\t\t\t\t\t\t<\/div>\n\t\t\t\t<\/div>\n\t\t\t\t\t<\/div>\n\t\t<\/div>\n\t\t\t\t\t\t\t<\/div>\n\t\t<\/section>\n\t\t\t\t<section class=\"elementor-section elementor-top-section elementor-element elementor-element-16cf27b elementor-section-boxed elementor-section-height-default elementor-section-height-default\" data-id=\"16cf27b\" data-element_type=\"section\">\n\t\t\t\t\t\t<div class=\"elementor-container elementor-column-gap-default\">\n\t\t\t\t\t<div class=\"elementor-column elementor-col-100 elementor-top-column elementor-element elementor-element-e9a085f\" data-id=\"e9a085f\" data-element_type=\"column\">\n\t\t\t<div class=\"elementor-widget-wrap elementor-element-populated\">\n\t\t\t\t\t\t\t\t<div class=\"elementor-element elementor-element-87e99af elementor-widget elementor-widget-image\" data-id=\"87e99af\" data-element_type=\"widget\" data-widget_type=\"image.default\">\n\t\t\t\t<div class=\"elementor-widget-container\">\n\t\t\t\t\t\t\t\t\t\t\t\t\t\t\t<img width=\"1024\" height=\"592\" src=\"https:\/\/palaciosantacecilia.com\/medios\/2021\/06\/Ninos-Corriendo-SantaCecilia-1024x592.jpg\" class=\"attachment-large size-large\" alt=\"Ni\u00f1os-Corriendo-SantaCecilia\" loading=\"lazy\" srcset=\"https:\/\/palaciosantacecilia.com\/medios\/2021\/06\/Ninos-Corriendo-SantaCecilia-1024x592.jpg 1024w, https:\/\/palaciosantacecilia.com\/medios\/2021\/06\/Ninos-Corriendo-SantaCecilia-300x173.jpg 300w, https:\/\/palaciosantacecilia.com\/medios\/2021\/06\/Ninos-Corriendo-SantaCecilia-768x444.jpg 768w, https:\/\/palaciosantacecilia.com\/medios\/2021\/06\/Ninos-Corriendo-SantaCecilia.jpg 1104w\" sizes=\"(max-width: 1024px) 100vw, 1024px\" \/>\t\t\t\t\t\t\t\t\t\t\t\t\t\t\t<\/div>\n\t\t\t\t<\/div>\n\t\t\t\t\t<\/div>\n\t\t<\/div>\n\t\t\t\t\t\t\t<\/div>\n\t\t<\/section>\n\t\t\t\t<section class=\"elementor-section elementor-top-section elementor-element elementor-element-501631c elementor-section-boxed elementor-section-height-default elementor-section-height-default\" data-id=\"501631c\" data-element_type=\"section\">\n\t\t\t\t\t\t<div class=\"elementor-container elementor-column-gap-default\">\n\t\t\t\t\t<div class=\"elementor-column elementor-col-100 elementor-top-column elementor-element elementor-element-64bd7e4\" data-id=\"64bd7e4\" data-element_type=\"column\">\n\t\t\t<div class=\"elementor-widget-wrap elementor-element-populated\">\n\t\t\t\t\t\t\t\t<div class=\"elementor-element elementor-element-64671ca elementor-widget elementor-widget-text-editor\" data-id=\"64671ca\" data-element_type=\"widget\" data-widget_type=\"text-editor.default\">\n\t\t\t\t<div class=\"elementor-widget-container\">\n\t\t\t\t\t\t\t<p class=\"gmail-p1\">Su filosof\u00eda desde la base es entender y atender un estilo de vida dentro de un espacio que alberga rincones de historia y natulareza.<\/p><p class=\"gmail-p1\">Todos nuestros ingredientes, aromas, sabores, textiles y formas son pensados y sentidos para conformar este entorno l\u00fadico y din\u00e1mico, donde la invitaci\u00f3n al aprendizaje y la experiencia est\u00e1 siempre encendida.<span class=\"gmail-Apple-converted-space\">\u00a0<\/span><\/p>\t\t\t\t\t\t<\/div>\n\t\t\t\t<\/div>\n\t\t\t\t\t<\/div>\n\t\t<\/div>\n\t\t\t\t\t\t\t<\/div>\n\t\t<\/section>\n\t\t\t\t<section class=\"elementor-section elementor-top-section elementor-element elementor-element-313c446 elementor-section-boxed elementor-section-height-default elementor-section-height-default\" data-id=\"313c446\" data-element_type=\"section\">\n\t\t\t\t\t\t<div class=\"elementor-container elementor-column-gap-default\">\n\t\t\t\t\t<div class=\"elementor-column elementor-col-100 elementor-top-column elementor-element elementor-element-9bfccd9\" data-id=\"9bfccd9\" data-element_type=\"column\">\n\t\t\t<div class=\"elementor-widget-wrap elementor-element-populated\">\n\t\t\t\t\t\t\t\t<div class=\"elementor-element elementor-element-abb2f20 elementor-widget elementor-widget-image\" data-id=\"abb2f20\" data-element_type=\"widget\" data-widget_type=\"image.default\">\n\t\t\t\t<div class=\"elementor-widget-container\">\n\t\t\t\t\t\t\t\t\t\t\t\t\t\t\t<img width=\"1024\" height=\"600\" src=\"https:\/\/palaciosantacecilia.com\/medios\/2021\/06\/ManoDavidLapiz.jpg\" class=\"attachment-large size-large\" alt=\"ManoDavidL\u00e1piz\" loading=\"lazy\" srcset=\"https:\/\/palaciosantacecilia.com\/medios\/2021\/06\/ManoDavidLapiz.jpg 1024w, https:\/\/palaciosantacecilia.com\/medios\/2021\/06\/ManoDavidLapiz-300x176.jpg 300w, https:\/\/palaciosantacecilia.com\/medios\/2021\/06\/ManoDavidLapiz-768x450.jpg 768w\" sizes=\"(max-width: 1024px) 100vw, 1024px\" \/>\t\t\t\t\t\t\t\t\t\t\t\t\t\t\t<\/div>\n\t\t\t\t<\/div>\n\t\t\t\t\t<\/div>\n\t\t<\/div>\n\t\t\t\t\t\t\t<\/div>\n\t\t<\/section>\n\t\t\t\t<section class=\"elementor-section elementor-top-section elementor-element elementor-element-eb07d16 elementor-section-boxed elementor-section-height-default elementor-section-height-default\" data-id=\"eb07d16\" data-element_type=\"section\">\n\t\t\t\t\t\t<div class=\"elementor-container elementor-column-gap-default\">\n\t\t\t\t\t<div class=\"elementor-column elementor-col-100 elementor-top-column elementor-element elementor-element-71b2df2\" data-id=\"71b2df2\" data-element_type=\"column\">\n\t\t\t<div class=\"elementor-widget-wrap elementor-element-populated\">\n\t\t\t\t\t\t\t\t<div class=\"elementor-element elementor-element-e58e9af elementor-widget elementor-widget-text-editor\" data-id=\"e58e9af\" data-element_type=\"widget\" data-widget_type=\"text-editor.default\">\n\t\t\t\t<div class=\"elementor-widget-container\">\n\t\t\t\t\t\t\t<p>El concepto ha sido generado en el marco de las necesidades tanto de las familias como de los dise\u00f1adores, decoradores y arquitectos que comulgan con esta filosof\u00eda, as\u00ed como de las instituciones que encuentren provecho en estas propuestas. Celebramos el nacimiento del nuevo proyecto de Santa Cecilia y confiamos en que sirva de inspiraci\u00f3n a quienes la descubran.<\/p>\t\t\t\t\t\t<\/div>\n\t\t\t\t<\/div>\n\t\t\t\t\t<\/div>\n\t\t<\/div>\n\t\t\t\t\t\t\t<\/div>\n\t\t<\/section>\n\t\t\t\t\t\t\t<\/div>","protected":false},"excerpt":{"rendered":"<p>Un Proyecto de Vida para Revivir el Palacio de Santa Cecilia El proyecto de rehabilitaci\u00f3n de la finca del Palacio de Santa Cecilia nace del fruto de la ilusi\u00f3n, las experiencias y de los momentos vividos en en \u00e9l por el impulsor de mismo, David Beltr\u00e1n, antiguo alumno del Colegio&hellip;&nbsp;<a href=\"https:\/\/palaciosantacecilia.com\/en\/el-proyecto\" class=\"\" rel=\"bookmark\">Read More &raquo;<span class=\"screen-reader-text\">El Proyecto<\/span><\/a><\/p>","protected":false},"author":4,"featured_media":0,"parent":0,"menu_order":0,"comment_status":"closed","ping_status":"closed","template":"elementor_header_footer","meta":{"neve_meta_sidebar":"","neve_meta_container":"","neve_meta_enable_content_width":"","neve_meta_content_width":0,"neve_meta_title_alignment":"","neve_meta_author_avatar":"","neve_post_elements_order":"","neve_meta_disable_header":"","neve_meta_disable_footer":"","neve_meta_disable_title":"","_ti_tpc_template_sync":false,"_ti_tpc_template_id":"","spay_email":""},"yoast_head":"<!-- This site is optimized with the Yoast SEO plugin v18.5.1 - https:\/\/yoast.com\/wordpress\/plugins\/seo\/ -->\n<title>El Proyecto - Palacio Santa Cecilia<\/title>\n<meta name=\"robots\" content=\"index, follow, max-snippet:-1, max-image-preview:large, max-video-preview:-1\" \/>\n<link rel=\"canonical\" href=\"https:\/\/palaciosantacecilia.com\/en\/el-proyecto\/\" \/>\n<meta property=\"og:locale\" content=\"en_GB\" \/>\n<meta property=\"og:type\" content=\"article\" \/>\n<meta property=\"og:title\" content=\"El Proyecto - Palacio Santa Cecilia\" \/>\n<meta property=\"og:description\" content=\"Un Proyecto de Vida para Revivir el Palacio de Santa Cecilia El proyecto de rehabilitaci\u00f3n de la finca del Palacio de Santa Cecilia nace del fruto de la ilusi\u00f3n, las experiencias y de los momentos vividos en en \u00e9l por el impulsor de mismo, David Beltr\u00e1n, antiguo alumno del Colegio&hellip;&nbsp;Read More &raquo;El Proyecto\" \/>\n<meta property=\"og:url\" content=\"https:\/\/palaciosantacecilia.com\/en\/el-proyecto\/\" \/>\n<meta property=\"og:site_name\" content=\"Palacio Santa Cecilia\" \/>\n<meta property=\"article:modified_time\" content=\"2021-06-10T11:50:46+00:00\" \/>\n<meta property=\"og:image\" content=\"https:\/\/palaciosantacecilia.com\/medios\/2021\/06\/Ninos-Corriendo-SantaCecilia-1024x592.jpg\" \/>\n<meta name=\"twitter:card\" content=\"summary_large_image\" \/>\n<meta name=\"twitter:label1\" content=\"Estimated reading time\" \/>\n\t<meta name=\"twitter:data1\" content=\"2 minutes\" \/>\n<script type=\"application\/ld+json\" class=\"yoast-schema-graph\">{\"@context\":\"https:\/\/schema.org\",\"@graph\":[{\"@type\":\"WebSite\",\"@id\":\"https:\/\/palaciosantacecilia.com\/#website\",\"url\":\"https:\/\/palaciosantacecilia.com\/\",\"name\":\"Palacio Santa Cecilia\",\"description\":\"\",\"potentialAction\":[{\"@type\":\"SearchAction\",\"target\":{\"@type\":\"EntryPoint\",\"urlTemplate\":\"https:\/\/palaciosantacecilia.com\/?s={search_term_string}\"},\"query-input\":\"required name=search_term_string\"}],\"inLanguage\":\"en-GB\"},{\"@type\":\"ImageObject\",\"@id\":\"https:\/\/palaciosantacecilia.com\/el-proyecto#primaryimage\",\"inLanguage\":\"en-GB\",\"url\":\"https:\/\/palaciosantacecilia.com\/medios\/2021\/06\/Ninos-Corriendo-SantaCecilia.jpg\",\"contentUrl\":\"https:\/\/palaciosantacecilia.com\/medios\/2021\/06\/Ninos-Corriendo-SantaCecilia.jpg\",\"width\":1104,\"height\":638,\"caption\":\"Ni\u00f1os-Corriendo-SantaCecilia\"},{\"@type\":\"WebPage\",\"@id\":\"https:\/\/palaciosantacecilia.com\/el-proyecto#webpage\",\"url\":\"https:\/\/palaciosantacecilia.com\/el-proyecto\",\"name\":\"El Proyecto - Palacio Santa Cecilia\",\"isPartOf\":{\"@id\":\"https:\/\/palaciosantacecilia.com\/#website\"},\"primaryImageOfPage\":{\"@id\":\"https:\/\/palaciosantacecilia.com\/el-proyecto#primaryimage\"},\"datePublished\":\"2021-02-24T12:44:29+00:00\",\"dateModified\":\"2021-06-10T11:50:46+00:00\",\"breadcrumb\":{\"@id\":\"https:\/\/palaciosantacecilia.com\/el-proyecto#breadcrumb\"},\"inLanguage\":\"en-GB\",\"potentialAction\":[{\"@type\":\"ReadAction\",\"target\":[\"https:\/\/palaciosantacecilia.com\/el-proyecto\"]}]},{\"@type\":\"BreadcrumbList\",\"@id\":\"https:\/\/palaciosantacecilia.com\/el-proyecto#breadcrumb\",\"itemListElement\":[{\"@type\":\"ListItem\",\"position\":1,\"name\":\"Palacio\",\"item\":\"https:\/\/palaciosantacecilia.com\/\"},{\"@type\":\"ListItem\",\"position\":2,\"name\":\"El Proyecto\"}]}]}<\/script>\n<!-- \/ Yoast SEO plugin. -->","yoast_head_json":{"title":"El Proyecto - Palacio Santa Cecilia","robots":{"index":"index","follow":"follow","max-snippet":"max-snippet:-1","max-image-preview":"max-image-preview:large","max-video-preview":"max-video-preview:-1"},"canonical":"https:\/\/palaciosantacecilia.com\/en\/el-proyecto\/","og_locale":"en_GB","og_type":"article","og_title":"El Proyecto - Palacio Santa Cecilia","og_description":"Un Proyecto de Vida para Revivir el Palacio de Santa Cecilia El proyecto de rehabilitaci\u00f3n de la finca del Palacio de Santa Cecilia nace del fruto de la ilusi\u00f3n, las experiencias y de los momentos vividos en en \u00e9l por el impulsor de mismo, David Beltr\u00e1n, antiguo alumno del Colegio&hellip;&nbsp;Read More &raquo;El Proyecto","og_url":"https:\/\/palaciosantacecilia.com\/en\/el-proyecto\/","og_site_name":"Palacio Santa Cecilia","article_modified_time":"2021-06-10T11:50:46+00:00","og_image":[{"url":"https:\/\/palaciosantacecilia.com\/medios\/2021\/06\/Ninos-Corriendo-SantaCecilia-1024x592.jpg"}],"twitter_card":"summary_large_image","twitter_misc":{"Estimated reading time":"2 minutes"},"schema":{"@context":"https:\/\/schema.org","@graph":[{"@type":"WebSite","@id":"https:\/\/palaciosantacecilia.com\/#website","url":"https:\/\/palaciosantacecilia.com\/","name":"Palacio Santa Cecilia","description":"","potentialAction":[{"@type":"SearchAction","target":{"@type":"EntryPoint","urlTemplate":"https:\/\/palaciosantacecilia.com\/?s={search_term_string}"},"query-input":"required name=search_term_string"}],"inLanguage":"en-GB"},{"@type":"ImageObject","@id":"https:\/\/palaciosantacecilia.com\/el-proyecto#primaryimage","inLanguage":"en-GB","url":"https:\/\/palaciosantacecilia.com\/medios\/2021\/06\/Ninos-Corriendo-SantaCecilia.jpg","contentUrl":"https:\/\/palaciosantacecilia.com\/medios\/2021\/06\/Ninos-Corriendo-SantaCecilia.jpg","width":1104,"height":638,"caption":"Ni\u00f1os-Corriendo-SantaCecilia"},{"@type":"WebPage","@id":"https:\/\/palaciosantacecilia.com\/el-proyecto#webpage","url":"https:\/\/palaciosantacecilia.com\/el-proyecto","name":"El Proyecto - Palacio Santa Cecilia","isPartOf":{"@id":"https:\/\/palaciosantacecilia.com\/#website"},"primaryImageOfPage":{"@id":"https:\/\/palaciosantacecilia.com\/el-proyecto#primaryimage"},"datePublished":"2021-02-24T12:44:29+00:00","dateModified":"2021-06-10T11:50:46+00:00","breadcrumb":{"@id":"https:\/\/palaciosantacecilia.com\/el-proyecto#breadcrumb"},"inLanguage":"en-GB","potentialAction":[{"@type":"ReadAction","target":["https:\/\/palaciosantacecilia.com\/el-proyecto"]}]},{"@type":"BreadcrumbList","@id":"https:\/\/palaciosantacecilia.com\/el-proyecto#breadcrumb","itemListElement":[{"@type":"ListItem","position":1,"name":"Palacio","item":"https:\/\/palaciosantacecilia.com\/"},{"@type":"ListItem","position":2,"name":"El Proyecto"}]}]}},"_links":{"self":[{"href":"https:\/\/palaciosantacecilia.com\/en\/wp-json\/wp\/v2\/pages\/40"}],"collection":[{"href":"https:\/\/palaciosantacecilia.com\/en\/wp-json\/wp\/v2\/pages"}],"about":[{"href":"https:\/\/palaciosantacecilia.com\/en\/wp-json\/wp\/v2\/types\/page"}],"author":[{"embeddable":true,"href":"https:\/\/palaciosantacecilia.com\/en\/wp-json\/wp\/v2\/users\/4"}],"replies":[{"embeddable":true,"href":"https:\/\/palaciosantacecilia.com\/en\/wp-json\/wp\/v2\/comments?post=40"}],"version-history":[{"count":0,"href":"https:\/\/palaciosantacecilia.com\/en\/wp-json\/wp\/v2\/pages\/40\/revisions"}],"wp:attachment":[{"href":"https:\/\/palaciosantacecilia.com\/en\/wp-json\/wp\/v2\/media?parent=40"}],"curies":[{"name":"wp","href":"https:\/\/api.w.org\/{rel}","templated":true}]}}