{"id":37,"date":"2021-02-24T13:43:59","date_gmt":"2021-02-24T12:43:59","guid":{"rendered":"https:\/\/palaciosantacecilia.com\/?page_id=37"},"modified":"2021-06-10T12:49:55","modified_gmt":"2021-06-10T11:49:55","slug":"historia","status":"publish","type":"page","link":"https:\/\/palaciosantacecilia.com\/en\/historia","title":{"rendered":"Historia"},"content":{"rendered":"<div data-elementor-type=\"wp-page\" data-elementor-id=\"37\" class=\"elementor elementor-37\">\n\t\t\t\t\t\t\t\t\t<section class=\"elementor-section elementor-top-section elementor-element elementor-element-99e57ed elementor-section-boxed elementor-section-height-default elementor-section-height-default\" data-id=\"99e57ed\" data-element_type=\"section\">\n\t\t\t\t\t\t<div class=\"elementor-container elementor-column-gap-default\">\n\t\t\t\t\t<div class=\"elementor-column elementor-col-100 elementor-top-column elementor-element elementor-element-2db0265\" data-id=\"2db0265\" data-element_type=\"column\">\n\t\t\t<div class=\"elementor-widget-wrap elementor-element-populated\">\n\t\t\t\t\t\t\t\t<div class=\"elementor-element elementor-element-168a0f4 elementor-widget elementor-widget-spacer\" data-id=\"168a0f4\" data-element_type=\"widget\" data-widget_type=\"spacer.default\">\n\t\t\t\t<div class=\"elementor-widget-container\">\n\t\t\t\t\t<div class=\"elementor-spacer\">\n\t\t\t<div class=\"elementor-spacer-inner\"><\/div>\n\t\t<\/div>\n\t\t\t\t<\/div>\n\t\t\t\t<\/div>\n\t\t\t\t\t<\/div>\n\t\t<\/div>\n\t\t\t\t\t\t\t<\/div>\n\t\t<\/section>\n\t\t\t\t<section class=\"elementor-section elementor-top-section elementor-element elementor-element-ce44c93 elementor-section-boxed elementor-section-height-default elementor-section-height-default\" data-id=\"ce44c93\" data-element_type=\"section\">\n\t\t\t\t\t\t<div class=\"elementor-container elementor-column-gap-default\">\n\t\t\t\t\t<div class=\"elementor-column elementor-col-100 elementor-top-column elementor-element elementor-element-f4dbef6\" data-id=\"f4dbef6\" data-element_type=\"column\">\n\t\t\t<div class=\"elementor-widget-wrap elementor-element-populated\">\n\t\t\t\t\t\t\t\t<div class=\"elementor-element elementor-element-aab8af2 elementor-widget elementor-widget-shortcode\" data-id=\"aab8af2\" data-element_type=\"widget\" data-widget_type=\"shortcode.default\">\n\t\t\t\t<div class=\"elementor-widget-container\">\n\t\t\t\t\t<div class=\"elementor-shortcode\"><span><span><a href=\"https:\/\/palaciosantacecilia.com\/en\/\">Palacio<\/a><\/span><\/div>\n\t\t\t\t<\/div>\n\t\t\t\t<\/div>\n\t\t\t\t\t<\/div>\n\t\t<\/div>\n\t\t\t\t\t\t\t<\/div>\n\t\t<\/section>\n\t\t\t\t<section class=\"elementor-section elementor-top-section elementor-element elementor-element-a743e4d elementor-section-boxed elementor-section-height-default elementor-section-height-default\" data-id=\"a743e4d\" data-element_type=\"section\">\n\t\t\t\t\t\t<div class=\"elementor-container elementor-column-gap-default\">\n\t\t\t\t\t<div class=\"elementor-column elementor-col-100 elementor-top-column elementor-element elementor-element-9976e05\" data-id=\"9976e05\" data-element_type=\"column\">\n\t\t\t<div class=\"elementor-widget-wrap elementor-element-populated\">\n\t\t\t\t\t\t\t\t<div class=\"elementor-element elementor-element-13ca405 elementor-widget elementor-widget-heading\" data-id=\"13ca405\" data-element_type=\"widget\" data-widget_type=\"heading.default\">\n\t\t\t\t<div class=\"elementor-widget-container\">\n\t\t\t<h2 class=\"elementor-heading-title elementor-size-default\"> Los Or\u00edgenes de La Granja de San Ildefonso<\/h2>\t\t<\/div>\n\t\t\t\t<\/div>\n\t\t\t\t\t<\/div>\n\t\t<\/div>\n\t\t\t\t\t\t\t<\/div>\n\t\t<\/section>\n\t\t\t\t<section class=\"elementor-section elementor-top-section elementor-element elementor-element-f2019cf elementor-section-boxed elementor-section-height-default elementor-section-height-default\" data-id=\"f2019cf\" data-element_type=\"section\">\n\t\t\t\t\t\t<div class=\"elementor-container elementor-column-gap-default\">\n\t\t\t\t\t<div class=\"elementor-column elementor-col-100 elementor-top-column elementor-element elementor-element-4af0e15\" data-id=\"4af0e15\" data-element_type=\"column\">\n\t\t\t<div class=\"elementor-widget-wrap elementor-element-populated\">\n\t\t\t\t\t\t\t\t<div class=\"elementor-element elementor-element-fe6675a elementor-widget elementor-widget-text-editor\" data-id=\"fe6675a\" data-element_type=\"widget\" data-widget_type=\"text-editor.default\">\n\t\t\t\t<div class=\"elementor-widget-container\">\n\t\t\t\t\t\t\t<p>No hay mejor relator de la historia de este insigne lugar que el Cronista Oficial del Real Sitio<\/p><p class=\"gmail-p2\">\u201cDesde los asentamientos pastoriles segovianos del siglo XIII, el territorio del actual Real Sitio de San Ildefonso ha sido protagonista de la Historia de Espa\u00f1a con frecuencia asombrosa. Los asentamientos reales, constitutivos del Real Sitio, empezaron con los primeros Trast\u00e1mara, reyes de Castilla y Le\u00f3n, quienes construyeron su residencia en el Valle de Valsa\u00edn. Desde la Casa del Bosque que ordenara reformar Enrique III hasta el fastuoso Palacio Real de Valsa\u00edn erigido por Felipe II, primer edificio de estilo borgo\u00f1\u00f3n de Espa\u00f1a, germen de lo que ser\u00eda a\u00f1os m\u00e1s tarde el monasterio de San Lorenzo del Escorial, pasando por el Palacio Real de La Granja, las monumentales fuentes de juegos de agua imprescindibles y sus jardines barrocos \u00fanicos en conservar la traza original en todo el planeta, es f\u00e1cil perderse en una vor\u00e1gine hist\u00f3rica sin precedentes. Poder pasear por los mismos lugares que frecuentaron Enrique IV, Catalina de L\u00e1ncaster, Isabel de Valois, la Reina Do\u00f1a Juana, Isabel la Cat\u00f3lica, Carlos I, Felipe II, Felipe V, Isabel de Farnesio, Amadeo de Saboya, Niceto Alcal\u00e1 Zamora, Manuel Aza\u00f1a y, en fin, todos los l\u00edderes pol\u00edticos, militares, artistas, poetas y personas significativas de la historia patria constituyen, en s\u00ed, una posibilidad digna de un lugar m\u00e1s que singular en el conjunto no ya del pa\u00eds, sino del mundo.\u201c<\/p><p class=\"gmail-p2\" style=\"text-align: right;\">Eduardo Ju\u00e1rez Valero.<\/p><p class=\"gmail-p2\" style=\"text-align: right;\"><em>Cronista Oficial Del Real Sitio de San Ildefonso<\/em><\/p>\t\t\t\t\t\t<\/div>\n\t\t\t\t<\/div>\n\t\t\t\t\t<\/div>\n\t\t<\/div>\n\t\t\t\t\t\t\t<\/div>\n\t\t<\/section>\n\t\t\t\t<section class=\"elementor-section elementor-top-section elementor-element elementor-element-01f7976 elementor-section-boxed elementor-section-height-default elementor-section-height-default\" data-id=\"01f7976\" data-element_type=\"section\">\n\t\t\t\t\t\t<div class=\"elementor-container elementor-column-gap-default\">\n\t\t\t\t\t<div class=\"elementor-column elementor-col-100 elementor-top-column elementor-element elementor-element-c769913\" data-id=\"c769913\" data-element_type=\"column\">\n\t\t\t<div class=\"elementor-widget-wrap elementor-element-populated\">\n\t\t\t\t\t\t\t\t<div class=\"elementor-element elementor-element-3aaa41f elementor-widget__width-inherit elementor-widget elementor-widget-image\" data-id=\"3aaa41f\" data-element_type=\"widget\" data-widget_type=\"image.default\">\n\t\t\t\t<div class=\"elementor-widget-container\">\n\t\t\t\t\t\t\t\t\t\t\t\t<figure class=\"wp-caption\">\n\t\t\t\t\t\t\t\t\t\t\t<a href=\"https:\/\/palaciosantacecilia.com\/medios\/2021\/06\/Palacio-de-Valsain.-Antoon-Van-Der-Wijangaerde-1561.jpeg\" data-elementor-open-lightbox=\"yes\" data-elementor-lightbox-title=\"Palacio de Valsa\u00edn. Antoon Van Der Wijangaerde (1561)\" e-action-hash=\"#elementor-action%3Aaction%3Dlightbox%26settings%3DeyJpZCI6MTY3LCJ1cmwiOiJodHRwczpcL1wvcGFsYWNpb3NhbnRhY2VjaWxpYS5jb21cL3dwLWNvbnRlbnRcL3VwbG9hZHNcLzIwMjFcLzA2XC9QYWxhY2lvLWRlLVZhbHNhaW4uLUFudG9vbi1WYW4tRGVyLVdpamFuZ2FlcmRlLTE1NjEuanBlZyJ9\">\n\t\t\t\t\t\t\t<img width=\"1024\" height=\"776\" src=\"https:\/\/palaciosantacecilia.com\/medios\/2021\/06\/Palacio-de-Valsain.-Antoon-Van-Der-Wijangaerde-1561.jpeg\" class=\"attachment-2048x2048 size-2048x2048\" alt=\"Palacio de Valsain\" loading=\"lazy\" srcset=\"https:\/\/palaciosantacecilia.com\/medios\/2021\/06\/Palacio-de-Valsain.-Antoon-Van-Der-Wijangaerde-1561.jpeg 1024w, https:\/\/palaciosantacecilia.com\/medios\/2021\/06\/Palacio-de-Valsain.-Antoon-Van-Der-Wijangaerde-1561-300x227.jpeg 300w, https:\/\/palaciosantacecilia.com\/medios\/2021\/06\/Palacio-de-Valsain.-Antoon-Van-Der-Wijangaerde-1561-768x582.jpeg 768w\" sizes=\"(max-width: 1024px) 100vw, 1024px\" \/>\t\t\t\t\t\t\t\t<\/a>\n\t\t\t\t\t\t\t\t\t\t\t<figcaption class=\"widget-image-caption wp-caption-text\">Palacio de Valsa\u00edn. Antoon Van Der Wijangaerde (1561)<\/figcaption>\n\t\t\t\t\t\t\t\t\t\t<\/figure>\n\t\t\t\t\t\t\t\t\t<\/div>\n\t\t\t\t<\/div>\n\t\t\t\t\t<\/div>\n\t\t<\/div>\n\t\t\t\t\t\t\t<\/div>\n\t\t<\/section>\n\t\t\t\t<section class=\"elementor-section elementor-top-section elementor-element elementor-element-dd7793c elementor-section-boxed elementor-section-height-default elementor-section-height-default\" data-id=\"dd7793c\" data-element_type=\"section\">\n\t\t\t\t\t\t<div class=\"elementor-container elementor-column-gap-default\">\n\t\t\t\t\t<div class=\"elementor-column elementor-col-100 elementor-top-column elementor-element elementor-element-1791f1b\" data-id=\"1791f1b\" data-element_type=\"column\">\n\t\t\t<div class=\"elementor-widget-wrap\">\n\t\t\t\t\t\t\t\t\t<\/div>\n\t\t<\/div>\n\t\t\t\t\t\t\t<\/div>\n\t\t<\/section>\n\t\t\t\t<section class=\"elementor-section elementor-top-section elementor-element elementor-element-f5b21bc elementor-section-boxed elementor-section-height-default elementor-section-height-default\" data-id=\"f5b21bc\" data-element_type=\"section\">\n\t\t\t\t\t\t<div class=\"elementor-container elementor-column-gap-default\">\n\t\t\t\t\t<div class=\"elementor-column elementor-col-100 elementor-top-column elementor-element elementor-element-c9d6981\" data-id=\"c9d6981\" data-element_type=\"column\">\n\t\t\t<div class=\"elementor-widget-wrap elementor-element-populated\">\n\t\t\t\t\t\t\t\t<div class=\"elementor-element elementor-element-439face elementor-widget elementor-widget-text-editor\" data-id=\"439face\" data-element_type=\"widget\" data-widget_type=\"text-editor.default\">\n\t\t\t\t<div class=\"elementor-widget-container\">\n\t\t\t\t\t\t\t<p class=\"gmail-p2\">Impregnado de toda la historia que significa ser residencia veraniega de los reyes, con toda su majestuosidad.<\/p><p class=\"gmail-p2\">Su Palacio y Jardines, llamados el Versalles de Madrid, albergan desde hace d\u00e9cadas a los miles de visitantes que acuden a ver el conjunto de fuentes m\u00e1s fastuosos que se pueden encontrar en el pa\u00eds.<\/p><p class=\"gmail-p2\">Ubicada en la ladera segoviana de Somosierra, a un paso del Puerto de Navacerrada.<\/p><p class=\"gmail-p2\">El Real Sitio de San Ildefonso es declarado Reserva de la Biosfera por la UNESCO en 2013, el Real Sitio es asimismo conjunto Hist\u00f3rico Monumental por Real Decreto 3.943\/1.982, de 15-12; y los Montes de Valsa\u00edn est\u00e1n protegidos por la declaraci\u00f3n de ZONA ZEPA y son parte de la RED NATURA 2000.<\/p>\t\t\t\t\t\t<\/div>\n\t\t\t\t<\/div>\n\t\t\t\t\t<\/div>\n\t\t<\/div>\n\t\t\t\t\t\t\t<\/div>\n\t\t<\/section>\n\t\t\t\t<section class=\"elementor-section elementor-top-section elementor-element elementor-element-76dc684 elementor-section-boxed elementor-section-height-default elementor-section-height-default\" data-id=\"76dc684\" data-element_type=\"section\">\n\t\t\t\t\t\t<div class=\"elementor-container elementor-column-gap-default\">\n\t\t\t\t\t<div class=\"elementor-column elementor-col-100 elementor-top-column elementor-element elementor-element-b4a679f\" data-id=\"b4a679f\" data-element_type=\"column\">\n\t\t\t<div class=\"elementor-widget-wrap elementor-element-populated\">\n\t\t\t\t\t\t\t\t<div class=\"elementor-element elementor-element-0ac850c elementor-widget elementor-widget-image\" data-id=\"0ac850c\" data-element_type=\"widget\" data-widget_type=\"image.default\">\n\t\t\t\t<div class=\"elementor-widget-container\">\n\t\t\t\t\t\t\t\t\t\t\t\t<figure class=\"wp-caption\">\n\t\t\t\t\t\t\t\t\t\t\t<a href=\"https:\/\/palaciosantacecilia.com\/medios\/2021\/06\/Plano-geometrico-del-Real-Sitio-de-San-Ildefonso-_-Publicado-por-el-Presbietero-D.-Tomas-Munico-Grabado-por-A.-Persenaire-1851.jpg\" data-elementor-open-lightbox=\"yes\" data-elementor-lightbox-title=\"Plano-geom\u00e9trico-del-Real-Sitio-de-San-Ildefonso-_-Publicado-por-el-Presbietero-D.-Tomas-Mu\u00f1ico;-Grabado-por-A.-Persenaire-(1851)\" e-action-hash=\"#elementor-action%3Aaction%3Dlightbox%26settings%3DeyJpZCI6MTY4LCJ1cmwiOiJodHRwczpcL1wvcGFsYWNpb3NhbnRhY2VjaWxpYS5jb21cL3dwLWNvbnRlbnRcL3VwbG9hZHNcLzIwMjFcLzA2XC9QbGFuby1nZW9tZXRyaWNvLWRlbC1SZWFsLVNpdGlvLWRlLVNhbi1JbGRlZm9uc28tXy1QdWJsaWNhZG8tcG9yLWVsLVByZXNiaWV0ZXJvLUQuLVRvbWFzLU11bmljby1HcmFiYWRvLXBvci1BLi1QZXJzZW5haXJlLTE4NTEuanBnIn0%3D\">\n\t\t\t\t\t\t\t<img width=\"886\" height=\"653\" src=\"https:\/\/palaciosantacecilia.com\/medios\/2021\/06\/Plano-geometrico-del-Real-Sitio-de-San-Ildefonso-_-Publicado-por-el-Presbietero-D.-Tomas-Munico-Grabado-por-A.-Persenaire-1851.jpg\" class=\"attachment-full size-full\" alt=\"Plano-geom\u00e9trico-\" loading=\"lazy\" srcset=\"https:\/\/palaciosantacecilia.com\/medios\/2021\/06\/Plano-geometrico-del-Real-Sitio-de-San-Ildefonso-_-Publicado-por-el-Presbietero-D.-Tomas-Munico-Grabado-por-A.-Persenaire-1851.jpg 886w, https:\/\/palaciosantacecilia.com\/medios\/2021\/06\/Plano-geometrico-del-Real-Sitio-de-San-Ildefonso-_-Publicado-por-el-Presbietero-D.-Tomas-Munico-Grabado-por-A.-Persenaire-1851-300x221.jpg 300w, https:\/\/palaciosantacecilia.com\/medios\/2021\/06\/Plano-geometrico-del-Real-Sitio-de-San-Ildefonso-_-Publicado-por-el-Presbietero-D.-Tomas-Munico-Grabado-por-A.-Persenaire-1851-768x566.jpg 768w\" sizes=\"(max-width: 886px) 100vw, 886px\" \/>\t\t\t\t\t\t\t\t<\/a>\n\t\t\t\t\t\t\t\t\t\t\t<figcaption class=\"widget-image-caption wp-caption-text\">Plano-geom\u00e9trico-del-Real-Sitio-de-San-Ildefonso-_-Publicado-por-el-Presbietero-D.-Tomas-Mu\u00f1ico;-Grabado-por-A.-Persenaire-(1851)<\/figcaption>\n\t\t\t\t\t\t\t\t\t\t<\/figure>\n\t\t\t\t\t\t\t\t\t<\/div>\n\t\t\t\t<\/div>\n\t\t\t\t\t<\/div>\n\t\t<\/div>\n\t\t\t\t\t\t\t<\/div>\n\t\t<\/section>\n\t\t\t\t<section class=\"elementor-section elementor-top-section elementor-element elementor-element-29cc990 elementor-section-boxed elementor-section-height-default elementor-section-height-default\" data-id=\"29cc990\" data-element_type=\"section\">\n\t\t\t\t\t\t<div class=\"elementor-container elementor-column-gap-default\">\n\t\t\t\t\t<div class=\"elementor-column elementor-col-100 elementor-top-column elementor-element elementor-element-1c6c113\" data-id=\"1c6c113\" data-element_type=\"column\">\n\t\t\t<div class=\"elementor-widget-wrap\">\n\t\t\t\t\t\t\t\t\t<\/div>\n\t\t<\/div>\n\t\t\t\t\t\t\t<\/div>\n\t\t<\/section>\n\t\t\t\t\t\t\t<\/div>","protected":false},"excerpt":{"rendered":"<p>Los Or\u00edgenes de La Granja de San Ildefonso No hay mejor relator de la historia de este insigne lugar que el Cronista Oficial del Real Sitio \u201cDesde los asentamientos pastoriles segovianos del siglo XIII, el territorio del actual Real Sitio de San Ildefonso ha sido protagonista de la Historia de&hellip;&nbsp;<a href=\"https:\/\/palaciosantacecilia.com\/en\/historia\" class=\"\" rel=\"bookmark\">Read More &raquo;<span class=\"screen-reader-text\">Historia<\/span><\/a><\/p>","protected":false},"author":4,"featured_media":0,"parent":0,"menu_order":0,"comment_status":"closed","ping_status":"closed","template":"elementor_header_footer","meta":{"neve_meta_sidebar":"","neve_meta_container":"","neve_meta_enable_content_width":"","neve_meta_content_width":0,"neve_meta_title_alignment":"","neve_meta_author_avatar":"","neve_post_elements_order":"","neve_meta_disable_header":"","neve_meta_disable_footer":"","neve_meta_disable_title":"","_ti_tpc_template_sync":false,"_ti_tpc_template_id":"","spay_email":""},"yoast_head":"<!-- This site is optimized with the Yoast SEO plugin v18.5.1 - https:\/\/yoast.com\/wordpress\/plugins\/seo\/ -->\n<title>Historia - Palacio Santa Cecilia<\/title>\n<meta name=\"robots\" content=\"index, follow, max-snippet:-1, max-image-preview:large, max-video-preview:-1\" \/>\n<link rel=\"canonical\" href=\"https:\/\/palaciosantacecilia.com\/en\/historia\/\" \/>\n<meta property=\"og:locale\" content=\"en_GB\" \/>\n<meta property=\"og:type\" content=\"article\" \/>\n<meta property=\"og:title\" content=\"Historia - Palacio Santa Cecilia\" \/>\n<meta property=\"og:description\" content=\"Los Or\u00edgenes de La Granja de San Ildefonso No hay mejor relator de la historia de este insigne lugar que el Cronista Oficial del Real Sitio \u201cDesde los asentamientos pastoriles segovianos del siglo XIII, el territorio del actual Real Sitio de San Ildefonso ha sido protagonista de la Historia de&hellip;&nbsp;Read More &raquo;Historia\" \/>\n<meta property=\"og:url\" content=\"https:\/\/palaciosantacecilia.com\/en\/historia\/\" \/>\n<meta property=\"og:site_name\" content=\"Palacio Santa Cecilia\" \/>\n<meta property=\"article:modified_time\" content=\"2021-06-10T11:49:55+00:00\" \/>\n<meta property=\"og:image\" content=\"https:\/\/palaciosantacecilia.com\/medios\/2021\/06\/Palacio-de-Valsain.-Antoon-Van-Der-Wijangaerde-1561.jpeg\" \/>\n<meta name=\"twitter:card\" content=\"summary_large_image\" \/>\n<meta name=\"twitter:label1\" content=\"Estimated reading time\" \/>\n\t<meta name=\"twitter:data1\" content=\"3 minutes\" \/>\n<script type=\"application\/ld+json\" class=\"yoast-schema-graph\">{\"@context\":\"https:\/\/schema.org\",\"@graph\":[{\"@type\":\"WebSite\",\"@id\":\"https:\/\/palaciosantacecilia.com\/#website\",\"url\":\"https:\/\/palaciosantacecilia.com\/\",\"name\":\"Palacio Santa Cecilia\",\"description\":\"\",\"potentialAction\":[{\"@type\":\"SearchAction\",\"target\":{\"@type\":\"EntryPoint\",\"urlTemplate\":\"https:\/\/palaciosantacecilia.com\/?s={search_term_string}\"},\"query-input\":\"required name=search_term_string\"}],\"inLanguage\":\"en-GB\"},{\"@type\":\"ImageObject\",\"@id\":\"https:\/\/palaciosantacecilia.com\/historia#primaryimage\",\"inLanguage\":\"en-GB\",\"url\":\"https:\/\/palaciosantacecilia.com\/medios\/2021\/06\/Palacio-de-Valsain.-Antoon-Van-Der-Wijangaerde-1561.jpeg\",\"contentUrl\":\"https:\/\/palaciosantacecilia.com\/medios\/2021\/06\/Palacio-de-Valsain.-Antoon-Van-Der-Wijangaerde-1561.jpeg\",\"width\":1024,\"height\":776,\"caption\":\"Palacio de Valsa\u00edn. Antoon Van Der Wijangaerde (1561)\"},{\"@type\":\"WebPage\",\"@id\":\"https:\/\/palaciosantacecilia.com\/historia#webpage\",\"url\":\"https:\/\/palaciosantacecilia.com\/historia\",\"name\":\"Historia - Palacio Santa Cecilia\",\"isPartOf\":{\"@id\":\"https:\/\/palaciosantacecilia.com\/#website\"},\"primaryImageOfPage\":{\"@id\":\"https:\/\/palaciosantacecilia.com\/historia#primaryimage\"},\"datePublished\":\"2021-02-24T12:43:59+00:00\",\"dateModified\":\"2021-06-10T11:49:55+00:00\",\"breadcrumb\":{\"@id\":\"https:\/\/palaciosantacecilia.com\/historia#breadcrumb\"},\"inLanguage\":\"en-GB\",\"potentialAction\":[{\"@type\":\"ReadAction\",\"target\":[\"https:\/\/palaciosantacecilia.com\/historia\"]}]},{\"@type\":\"BreadcrumbList\",\"@id\":\"https:\/\/palaciosantacecilia.com\/historia#breadcrumb\",\"itemListElement\":[{\"@type\":\"ListItem\",\"position\":1,\"name\":\"Palacio\",\"item\":\"https:\/\/palaciosantacecilia.com\/\"},{\"@type\":\"ListItem\",\"position\":2,\"name\":\"Historia\"}]}]}<\/script>\n<!-- \/ Yoast SEO plugin. -->","yoast_head_json":{"title":"Historia - Palacio Santa Cecilia","robots":{"index":"index","follow":"follow","max-snippet":"max-snippet:-1","max-image-preview":"max-image-preview:large","max-video-preview":"max-video-preview:-1"},"canonical":"https:\/\/palaciosantacecilia.com\/en\/historia\/","og_locale":"en_GB","og_type":"article","og_title":"Historia - Palacio Santa Cecilia","og_description":"Los Or\u00edgenes de La Granja de San Ildefonso No hay mejor relator de la historia de este insigne lugar que el Cronista Oficial del Real Sitio \u201cDesde los asentamientos pastoriles segovianos del siglo XIII, el territorio del actual Real Sitio de San Ildefonso ha sido protagonista de la Historia de&hellip;&nbsp;Read More &raquo;Historia","og_url":"https:\/\/palaciosantacecilia.com\/en\/historia\/","og_site_name":"Palacio Santa Cecilia","article_modified_time":"2021-06-10T11:49:55+00:00","og_image":[{"url":"https:\/\/palaciosantacecilia.com\/medios\/2021\/06\/Palacio-de-Valsain.-Antoon-Van-Der-Wijangaerde-1561.jpeg"}],"twitter_card":"summary_large_image","twitter_misc":{"Estimated reading time":"3 minutes"},"schema":{"@context":"https:\/\/schema.org","@graph":[{"@type":"WebSite","@id":"https:\/\/palaciosantacecilia.com\/#website","url":"https:\/\/palaciosantacecilia.com\/","name":"Palacio Santa Cecilia","description":"","potentialAction":[{"@type":"SearchAction","target":{"@type":"EntryPoint","urlTemplate":"https:\/\/palaciosantacecilia.com\/?s={search_term_string}"},"query-input":"required name=search_term_string"}],"inLanguage":"en-GB"},{"@type":"ImageObject","@id":"https:\/\/palaciosantacecilia.com\/historia#primaryimage","inLanguage":"en-GB","url":"https:\/\/palaciosantacecilia.com\/medios\/2021\/06\/Palacio-de-Valsain.-Antoon-Van-Der-Wijangaerde-1561.jpeg","contentUrl":"https:\/\/palaciosantacecilia.com\/medios\/2021\/06\/Palacio-de-Valsain.-Antoon-Van-Der-Wijangaerde-1561.jpeg","width":1024,"height":776,"caption":"Palacio de Valsa\u00edn. Antoon Van Der Wijangaerde (1561)"},{"@type":"WebPage","@id":"https:\/\/palaciosantacecilia.com\/historia#webpage","url":"https:\/\/palaciosantacecilia.com\/historia","name":"Historia - Palacio Santa Cecilia","isPartOf":{"@id":"https:\/\/palaciosantacecilia.com\/#website"},"primaryImageOfPage":{"@id":"https:\/\/palaciosantacecilia.com\/historia#primaryimage"},"datePublished":"2021-02-24T12:43:59+00:00","dateModified":"2021-06-10T11:49:55+00:00","breadcrumb":{"@id":"https:\/\/palaciosantacecilia.com\/historia#breadcrumb"},"inLanguage":"en-GB","potentialAction":[{"@type":"ReadAction","target":["https:\/\/palaciosantacecilia.com\/historia"]}]},{"@type":"BreadcrumbList","@id":"https:\/\/palaciosantacecilia.com\/historia#breadcrumb","itemListElement":[{"@type":"ListItem","position":1,"name":"Palacio","item":"https:\/\/palaciosantacecilia.com\/"},{"@type":"ListItem","position":2,"name":"Historia"}]}]}},"_links":{"self":[{"href":"https:\/\/palaciosantacecilia.com\/en\/wp-json\/wp\/v2\/pages\/37"}],"collection":[{"href":"https:\/\/palaciosantacecilia.com\/en\/wp-json\/wp\/v2\/pages"}],"about":[{"href":"https:\/\/palaciosantacecilia.com\/en\/wp-json\/wp\/v2\/types\/page"}],"author":[{"embeddable":true,"href":"https:\/\/palaciosantacecilia.com\/en\/wp-json\/wp\/v2\/users\/4"}],"replies":[{"embeddable":true,"href":"https:\/\/palaciosantacecilia.com\/en\/wp-json\/wp\/v2\/comments?post=37"}],"version-history":[{"count":0,"href":"https:\/\/palaciosantacecilia.com\/en\/wp-json\/wp\/v2\/pages\/37\/revisions"}],"wp:attachment":[{"href":"https:\/\/palaciosantacecilia.com\/en\/wp-json\/wp\/v2\/media?parent=37"}],"curies":[{"name":"wp","href":"https:\/\/api.w.org\/{rel}","templated":true}]}}