{"id":2,"date":"2021-02-23T10:04:05","date_gmt":"2021-02-23T09:04:05","guid":{"rendered":"http:\/\/palaciosantacecilia.com\/?page_id=2"},"modified":"2021-06-09T13:15:22","modified_gmt":"2021-06-09T12:15:22","slug":"home-2","status":"publish","type":"page","link":"https:\/\/palaciosantacecilia.com\/en\/","title":{"rendered":"Home"},"content":{"rendered":"<div data-elementor-type=\"wp-page\" data-elementor-id=\"2\" class=\"elementor elementor-2\">\n\t\t\t\t\t\t\t\t\t<section class=\"elementor-section elementor-top-section elementor-element elementor-element-072712f elementor-section-height-min-height elementor-section-boxed elementor-section-height-default elementor-section-items-middle\" data-id=\"072712f\" data-element_type=\"section\" data-settings=\"{&quot;background_background&quot;:&quot;slideshow&quot;,&quot;background_slideshow_gallery&quot;:[{&quot;id&quot;:302,&quot;url&quot;:&quot;https:\\\/\\\/palaciosantacecilia.com\\\/wp-content\\\/uploads\\\/2021\\\/06\\\/CarrouselHome_01_1680ppp.jpg&quot;},{&quot;id&quot;:303,&quot;url&quot;:&quot;https:\\\/\\\/palaciosantacecilia.com\\\/wp-content\\\/uploads\\\/2021\\\/06\\\/CarrouselHome_02_1680ppp.jpg&quot;},{&quot;id&quot;:304,&quot;url&quot;:&quot;https:\\\/\\\/palaciosantacecilia.com\\\/wp-content\\\/uploads\\\/2021\\\/06\\\/CarrouselHome_03_1680ppp.jpg&quot;},{&quot;id&quot;:305,&quot;url&quot;:&quot;https:\\\/\\\/palaciosantacecilia.com\\\/wp-content\\\/uploads\\\/2021\\\/06\\\/CarrouselHome_04_1680ppp.jpg&quot;},{&quot;id&quot;:306,&quot;url&quot;:&quot;https:\\\/\\\/palaciosantacecilia.com\\\/wp-content\\\/uploads\\\/2021\\\/06\\\/CarrouselHome_05_1680ppp.jpg&quot;},{&quot;id&quot;:307,&quot;url&quot;:&quot;https:\\\/\\\/palaciosantacecilia.com\\\/wp-content\\\/uploads\\\/2021\\\/06\\\/CarrouselHome_06_1680ppp.jpg&quot;}],&quot;background_slideshow_slide_duration&quot;:3000,&quot;background_slideshow_ken_burns&quot;:&quot;yes&quot;,&quot;background_slideshow_loop&quot;:&quot;yes&quot;,&quot;background_slideshow_slide_transition&quot;:&quot;fade&quot;,&quot;background_slideshow_transition_duration&quot;:500,&quot;background_slideshow_ken_burns_zoom_direction&quot;:&quot;in&quot;}\">\n\t\t\t\t\t\t<div class=\"elementor-container elementor-column-gap-extended\">\n\t\t\t\t\t<div class=\"elementor-column elementor-col-100 elementor-top-column elementor-element elementor-element-b361f4b\" data-id=\"b361f4b\" data-element_type=\"column\">\n\t\t\t<div class=\"elementor-widget-wrap\">\n\t\t\t\t\t\t\t\t\t<\/div>\n\t\t<\/div>\n\t\t\t\t\t\t\t<\/div>\n\t\t<\/section>\n\t\t\t\t\t\t\t<\/div>","protected":false},"excerpt":{"rendered":"","protected":false},"author":4,"featured_media":305,"parent":0,"menu_order":0,"comment_status":"closed","ping_status":"closed","template":"elementor_header_footer","meta":{"neve_meta_sidebar":"","neve_meta_container":"","neve_meta_enable_content_width":"","neve_meta_content_width":0,"neve_meta_title_alignment":"","neve_meta_author_avatar":"","neve_post_elements_order":"","neve_meta_disable_header":"","neve_meta_disable_footer":"","neve_meta_disable_title":"","_ti_tpc_template_sync":false,"_ti_tpc_template_id":"","spay_email":""},"yoast_head":"<!-- This site is optimized with the Yoast SEO plugin v18.5.1 - https:\/\/yoast.com\/wordpress\/plugins\/seo\/ -->\n<title>Rehabilitaci\u00f3n de la finca del Palacio de Santa Cecilia<\/title>\n<meta name=\"description\" content=\"El proyecto de rehabilitaci\u00f3n de la finca del Palacio de Santa Cecilia nace del fruto de la ilusi\u00f3n, las experiencias...\" \/>\n<meta name=\"robots\" content=\"index, follow, max-snippet:-1, max-image-preview:large, max-video-preview:-1\" \/>\n<link rel=\"canonical\" href=\"https:\/\/palaciosantacecilia.com\/en\/\" \/>\n<meta property=\"og:locale\" content=\"en_GB\" \/>\n<meta property=\"og:type\" content=\"article\" \/>\n<meta property=\"og:title\" content=\"Rehabilitaci\u00f3n de la finca del Palacio de Santa Cecilia\" \/>\n<meta property=\"og:description\" content=\"El proyecto de rehabilitaci\u00f3n de la finca del Palacio de Santa Cecilia nace del fruto de la ilusi\u00f3n, las experiencias...\" \/>\n<meta property=\"og:url\" content=\"https:\/\/palaciosantacecilia.com\/en\/\" \/>\n<meta property=\"og:site_name\" content=\"Palacio Santa Cecilia\" \/>\n<meta property=\"article:modified_time\" content=\"2021-06-09T12:15:22+00:00\" \/>\n<meta property=\"og:image\" content=\"https:\/\/palaciosantacecilia.com\/medios\/2021\/06\/CarrouselHome_04_1680ppp.jpg\" \/>\n\t<meta property=\"og:image:width\" content=\"1680\" \/>\n\t<meta property=\"og:image:height\" content=\"1116\" \/>\n\t<meta property=\"og:image:type\" content=\"image\/jpeg\" \/>\n<meta name=\"twitter:card\" content=\"summary_large_image\" \/>\n<script type=\"application\/ld+json\" class=\"yoast-schema-graph\">{\"@context\":\"https:\/\/schema.org\",\"@graph\":[{\"@type\":\"WebSite\",\"@id\":\"https:\/\/palaciosantacecilia.com\/#website\",\"url\":\"https:\/\/palaciosantacecilia.com\/\",\"name\":\"Palacio Santa Cecilia\",\"description\":\"\",\"potentialAction\":[{\"@type\":\"SearchAction\",\"target\":{\"@type\":\"EntryPoint\",\"urlTemplate\":\"https:\/\/palaciosantacecilia.com\/?s={search_term_string}\"},\"query-input\":\"required name=search_term_string\"}],\"inLanguage\":\"en-GB\"},{\"@type\":\"ImageObject\",\"@id\":\"https:\/\/palaciosantacecilia.com\/#primaryimage\",\"inLanguage\":\"en-GB\",\"url\":\"https:\/\/palaciosantacecilia.com\/medios\/2021\/06\/CarrouselHome_04_1680ppp.jpg\",\"contentUrl\":\"https:\/\/palaciosantacecilia.com\/medios\/2021\/06\/CarrouselHome_04_1680ppp.jpg\",\"width\":1680,\"height\":1116,\"caption\":\"Palacio de Santa cecilia\"},{\"@type\":\"WebPage\",\"@id\":\"https:\/\/palaciosantacecilia.com\/#webpage\",\"url\":\"https:\/\/palaciosantacecilia.com\/\",\"name\":\"Rehabilitaci\u00f3n de la finca del Palacio de Santa Cecilia\",\"isPartOf\":{\"@id\":\"https:\/\/palaciosantacecilia.com\/#website\"},\"primaryImageOfPage\":{\"@id\":\"https:\/\/palaciosantacecilia.com\/#primaryimage\"},\"datePublished\":\"2021-02-23T09:04:05+00:00\",\"dateModified\":\"2021-06-09T12:15:22+00:00\",\"description\":\"El proyecto de rehabilitaci\u00f3n de la finca del Palacio de Santa Cecilia nace del fruto de la ilusi\u00f3n, las experiencias...\",\"breadcrumb\":{\"@id\":\"https:\/\/palaciosantacecilia.com\/#breadcrumb\"},\"inLanguage\":\"en-GB\",\"potentialAction\":[{\"@type\":\"ReadAction\",\"target\":[\"https:\/\/palaciosantacecilia.com\/\"]}]},{\"@type\":\"BreadcrumbList\",\"@id\":\"https:\/\/palaciosantacecilia.com\/#breadcrumb\",\"itemListElement\":[{\"@type\":\"ListItem\",\"position\":1,\"name\":\"Palacio\",\"item\":\"https:\/\/palaciosantacecilia.com\/\"},{\"@type\":\"ListItem\",\"position\":2,\"name\":\"Home\"}]}]}<\/script>\n<!-- \/ Yoast SEO plugin. -->","yoast_head_json":{"title":"Rehabilitaci\u00f3n de la finca del Palacio de Santa Cecilia","description":"El proyecto de rehabilitaci\u00f3n de la finca del Palacio de Santa Cecilia nace del fruto de la ilusi\u00f3n, las experiencias...","robots":{"index":"index","follow":"follow","max-snippet":"max-snippet:-1","max-image-preview":"max-image-preview:large","max-video-preview":"max-video-preview:-1"},"canonical":"https:\/\/palaciosantacecilia.com\/en\/","og_locale":"en_GB","og_type":"article","og_title":"Rehabilitaci\u00f3n de la finca del Palacio de Santa Cecilia","og_description":"El proyecto de rehabilitaci\u00f3n de la finca del Palacio de Santa Cecilia nace del fruto de la ilusi\u00f3n, las experiencias...","og_url":"https:\/\/palaciosantacecilia.com\/en\/","og_site_name":"Palacio Santa Cecilia","article_modified_time":"2021-06-09T12:15:22+00:00","og_image":[{"width":1680,"height":1116,"url":"https:\/\/palaciosantacecilia.com\/medios\/2021\/06\/CarrouselHome_04_1680ppp.jpg","type":"image\/jpeg"}],"twitter_card":"summary_large_image","schema":{"@context":"https:\/\/schema.org","@graph":[{"@type":"WebSite","@id":"https:\/\/palaciosantacecilia.com\/#website","url":"https:\/\/palaciosantacecilia.com\/","name":"Palacio Santa Cecilia","description":"","potentialAction":[{"@type":"SearchAction","target":{"@type":"EntryPoint","urlTemplate":"https:\/\/palaciosantacecilia.com\/?s={search_term_string}"},"query-input":"required name=search_term_string"}],"inLanguage":"en-GB"},{"@type":"ImageObject","@id":"https:\/\/palaciosantacecilia.com\/#primaryimage","inLanguage":"en-GB","url":"https:\/\/palaciosantacecilia.com\/medios\/2021\/06\/CarrouselHome_04_1680ppp.jpg","contentUrl":"https:\/\/palaciosantacecilia.com\/medios\/2021\/06\/CarrouselHome_04_1680ppp.jpg","width":1680,"height":1116,"caption":"Palacio de Santa cecilia"},{"@type":"WebPage","@id":"https:\/\/palaciosantacecilia.com\/#webpage","url":"https:\/\/palaciosantacecilia.com\/","name":"Rehabilitaci\u00f3n de la finca del Palacio de Santa Cecilia","isPartOf":{"@id":"https:\/\/palaciosantacecilia.com\/#website"},"primaryImageOfPage":{"@id":"https:\/\/palaciosantacecilia.com\/#primaryimage"},"datePublished":"2021-02-23T09:04:05+00:00","dateModified":"2021-06-09T12:15:22+00:00","description":"El proyecto de rehabilitaci\u00f3n de la finca del Palacio de Santa Cecilia nace del fruto de la ilusi\u00f3n, las experiencias...","breadcrumb":{"@id":"https:\/\/palaciosantacecilia.com\/#breadcrumb"},"inLanguage":"en-GB","potentialAction":[{"@type":"ReadAction","target":["https:\/\/palaciosantacecilia.com\/"]}]},{"@type":"BreadcrumbList","@id":"https:\/\/palaciosantacecilia.com\/#breadcrumb","itemListElement":[{"@type":"ListItem","position":1,"name":"Palacio","item":"https:\/\/palaciosantacecilia.com\/"},{"@type":"ListItem","position":2,"name":"Home"}]}]}},"_links":{"self":[{"href":"https:\/\/palaciosantacecilia.com\/en\/wp-json\/wp\/v2\/pages\/2"}],"collection":[{"href":"https:\/\/palaciosantacecilia.com\/en\/wp-json\/wp\/v2\/pages"}],"about":[{"href":"https:\/\/palaciosantacecilia.com\/en\/wp-json\/wp\/v2\/types\/page"}],"author":[{"embeddable":true,"href":"https:\/\/palaciosantacecilia.com\/en\/wp-json\/wp\/v2\/users\/4"}],"replies":[{"embeddable":true,"href":"https:\/\/palaciosantacecilia.com\/en\/wp-json\/wp\/v2\/comments?post=2"}],"version-history":[{"count":0,"href":"https:\/\/palaciosantacecilia.com\/en\/wp-json\/wp\/v2\/pages\/2\/revisions"}],"wp:featuredmedia":[{"embeddable":true,"href":"https:\/\/palaciosantacecilia.com\/en\/wp-json\/wp\/v2\/media\/305"}],"wp:attachment":[{"href":"https:\/\/palaciosantacecilia.com\/en\/wp-json\/wp\/v2\/media?parent=2"}],"curies":[{"name":"wp","href":"https:\/\/api.w.org\/{rel}","templated":true}]}}